{"id":26,"date":"2026-02-17T14:48:46","date_gmt":"2026-02-17T14:48:46","guid":{"rendered":"https:\/\/ajima.ma\/services\/"},"modified":"2026-02-17T14:53:41","modified_gmt":"2026-02-17T14:53:41","slug":"services","status":"publish","type":"page","link":"https:\/\/ajima.ma\/en\/services\/","title":{"rendered":"Services"},"content":{"rendered":"<div class=\"wp-block-group alignfull is-style-ext-preset--group--natural-1--section has-background-background-color has-background has-global-padding is-layout-constrained wp-container-core-group-is-layout-e955bbaf wp-block-group-is-layout-constrained\" id=\"services\" style=\"margin-top:0;margin-bottom:0;padding-top:var(--wp--preset--spacing--70);padding-bottom:var(--wp--preset--spacing--70)\">\n<div class=\"wp-block-group alignwide is-vertical is-layout-flex wp-container-core-group-is-layout-c35747d5 wp-block-group-is-layout-flex\">\n<div class=\"wp-block-group has-global-padding is-layout-constrained wp-container-core-group-is-layout-5e05634a wp-block-group-is-layout-constrained\">\n<h2 class=\"wp-block-heading\">Votre passerelle vers l&rsquo;excellence internationale<\/h2>\n\n\n\n<p class=\"has-text-align-left\">D\u00e9couvrez notre gamme compl\u00e8te de services, alliant qualit\u00e9 sup\u00e9rieure et engagement total envers votre satisfaction.<\/p>\n<\/div>\n<\/div>\n\n\n\n<div class=\"wp-block-columns alignwide is-layout-flex wp-container-core-columns-is-layout-174606dc wp-block-columns-is-layout-flex\">\n<div class=\"wp-block-column is-vertically-aligned-stretch is-layout-flow wp-container-core-column-is-layout-119bc444 wp-block-column-is-layout-flow\">\n<div class=\"wp-block-cover is-style-ext-preset--image--natural-1--image-1--content-right is-style-ext-preset--image--natural-1--image-1--content-right--2\" style=\"padding-top:0;padding-bottom:0;min-height:100%;aspect-ratio:unset;\"><img loading=\"lazy\" decoding=\"async\" width=\"1440\" height=\"960\" class=\"wp-block-cover__image-background wp-image-66\" alt=\"\" src=\"https:\/\/ajima.ma\/wp-content\/uploads\/2026\/02\/62f5240275bd501bf868f68c67ebb947aefcb389.jpg\" data-object-fit=\"cover\" srcset=\"https:\/\/ajima.ma\/wp-content\/uploads\/2026\/02\/62f5240275bd501bf868f68c67ebb947aefcb389.jpg 1440w, https:\/\/ajima.ma\/wp-content\/uploads\/2026\/02\/62f5240275bd501bf868f68c67ebb947aefcb389-300x200.jpg 300w, https:\/\/ajima.ma\/wp-content\/uploads\/2026\/02\/62f5240275bd501bf868f68c67ebb947aefcb389-1024x683.jpg 1024w, https:\/\/ajima.ma\/wp-content\/uploads\/2026\/02\/62f5240275bd501bf868f68c67ebb947aefcb389-768x512.jpg 768w, https:\/\/ajima.ma\/wp-content\/uploads\/2026\/02\/62f5240275bd501bf868f68c67ebb947aefcb389-18x12.jpg 18w, https:\/\/ajima.ma\/wp-content\/uploads\/2026\/02\/62f5240275bd501bf868f68c67ebb947aefcb389-600x400.jpg 600w\" sizes=\"auto, (max-width: 1440px) 100vw, 1440px\" \/><span aria-hidden=\"true\" class=\"wp-block-cover__background has-background-dim-0 has-background-dim\"><\/span><div class=\"wp-block-cover__inner-container is-layout-flow wp-block-cover-is-layout-flow\">\n<div style=\"height:240px\" aria-hidden=\"true\" class=\"wp-block-spacer\"><\/div>\n<\/div><\/div>\n<\/div>\n\n\n\n<div class=\"wp-block-column is-vertically-aligned-center is-layout-flow wp-block-column-is-layout-flow\">\n<div class=\"wp-block-group is-style-ext-preset--group--natural-1--item-card-1--align-start has-global-padding is-layout-constrained wp-block-group-is-layout-constrained is-style-ext-preset--group--natural-1--item-card-1--align-start--3\">\n<div class=\"wp-block-group is-style-default has-global-padding is-layout-constrained wp-block-group-is-layout-constrained\">\n<div class=\"wp-block-group is-nowrap is-layout-flex wp-container-core-group-is-layout-64fa2afa wp-block-group-is-layout-flex\" style=\"padding-top:0;padding-right:0;padding-bottom:0;padding-left:0\">\n<figure class=\"wp-block-image size-large ext-aspect-landscape wp-duotone-primary-foreground\"><img decoding=\"async\" src=\"data:image\/svg+xml;base64,PHN2ZyB4bWxucz0iaHR0cDovL3d3dy53My5vcmcvMjAwMC9zdmciIHdpZHRoPSI0OCIgaGVpZ2h0PSI0OCIgZmlsbD0iIzAwMDAwMCIgdmlld0JveD0iMCAwIDI1NiAyNTYiPjxwYXRoIGQ9Ik0xNzIsNzZhNDQsNDQsMCwxLDAtNDQsNDRBNDQuMDUsNDQuMDUsMCwwLDAsMTcyLDc2Wm0tNDQsMjhhMjgsMjgsMCwxLDEsMjgtMjhBMjgsMjgsMCwwLDEsMTI4LDEwNFptNjAsMjRhNDQsNDQsMCwxLDAsNDQsNDRBNDQuMDUsNDQuMDUsMCwwLDAsMTg4LDEyOFptMCw3MmEyOCwyOCwwLDEsMSwyOC0yOEEyOCwyOCwwLDAsMSwxODgsMjAwWk02OCwxMjhhNDQsNDQsMCwxLDAsNDQsNDRBNDQuMDUsNDQuMDUsMCwwLDAsNjgsMTI4Wm0wLDcyYTI4LDI4LDAsMSwxLDI4LTI4QTI4LDI4LDAsMCwxLDY4LDIwMFoiPjwvcGF0aD48L3N2Zz4=\" alt=\"\" style=\"object-fit:cover\"\/><\/figure>\n\n\n\n<div class=\"wp-block-group wp-container-content-958eb9dc has-global-padding is-layout-constrained wp-container-core-group-is-layout-c06d165c wp-block-group-is-layout-constrained\" style=\"padding-top:0;padding-right:0;padding-bottom:0;padding-left:0\">\n<h3 class=\"wp-block-heading\">Consultation Personnalis\u00e9e<\/h3>\n\n\n\n<p>Nous analysons vos besoins pour vous proposer des solutions adapt\u00e9es et efficaces.<\/p>\n<\/div>\n<\/div>\n<\/div>\n<\/div>\n\n\n\n<div class=\"wp-block-group is-style-ext-preset--group--natural-1--item-card-1--align-start has-global-padding is-layout-constrained wp-block-group-is-layout-constrained is-style-ext-preset--group--natural-1--item-card-1--align-start--4\">\n<div class=\"wp-block-group is-style-default has-global-padding is-layout-constrained wp-block-group-is-layout-constrained\">\n<div class=\"wp-block-group is-nowrap is-layout-flex wp-container-core-group-is-layout-64fa2afa wp-block-group-is-layout-flex\" style=\"padding-top:0;padding-right:0;padding-bottom:0;padding-left:0\">\n<figure class=\"wp-block-image size-large ext-aspect-landscape wp-duotone-primary-foreground\"><img decoding=\"async\" src=\"data:image\/svg+xml;base64,PHN2ZyB4bWxucz0iaHR0cDovL3d3dy53My5vcmcvMjAwMC9zdmciIHdpZHRoPSI0OCIgaGVpZ2h0PSI0OCIgZmlsbD0iIzAwMDAwMCIgdmlld0JveD0iMCAwIDI1NiAyNTYiPjxwYXRoIGQ9Ik04MCw0MGE0MCw0MCwwLDEsMCw0MCw0MEE0MCw0MCwwLDAsMCw4MCw0MFptMCw2NGEyNCwyNCwwLDEsMSwyNC0yNEEyNCwyNCwwLDAsMSw4MCwxMDRabTk2LDE2YTQwLDQwLDAsMSwwLTQwLTQwQTQwLDQwLDAsMCwwLDE3NiwxMjBabTAtNjRhMjQsMjQsMCwxLDEtMjQsMjRBMjQsMjQsMCwwLDEsMTc2LDU2Wk04MCwxMzZhNDAsNDAsMCwxLDAsNDAsNDBBNDAsNDAsMCwwLDAsODAsMTM2Wm0wLDY0YTI0LDI0LDAsMSwxLDI0LTI0QTI0LDI0LDAsMCwxLDgwLDIwMFptOTYtNjRhNDAsNDAsMCwxLDAsNDAsNDBBNDAsNDAsMCwwLDAsMTc2LDEzNlptMCw2NGEyNCwyNCwwLDEsMSwyNC0yNEEyNCwyNCwwLDAsMSwxNzYsMjAwWiI+PC9wYXRoPjwvc3ZnPg==\" alt=\"\" style=\"object-fit:cover\"\/><\/figure>\n\n\n\n<div class=\"wp-block-group wp-container-content-958eb9dc has-global-padding is-layout-constrained wp-container-core-group-is-layout-c06d165c wp-block-group-is-layout-constrained\" style=\"padding-top:0;padding-right:0;padding-bottom:0;padding-left:0\">\n<h3 class=\"wp-block-heading\">Solutions Logistiques<\/h3>\n\n\n\n<p>Optimisez votre cha\u00eene d&rsquo;approvisionnement gr\u00e2ce \u00e0 nos offres sur mesure et performantes.<\/p>\n<\/div>\n<\/div>\n<\/div>\n<\/div>\n\n\n\n<div class=\"wp-block-group is-style-ext-preset--group--natural-1--item-card-1--align-start has-global-padding is-layout-constrained wp-block-group-is-layout-constrained is-style-ext-preset--group--natural-1--item-card-1--align-start--5\">\n<div class=\"wp-block-group is-style-default has-global-padding is-layout-constrained wp-block-group-is-layout-constrained\">\n<div class=\"wp-block-group is-nowrap is-layout-flex wp-container-core-group-is-layout-64fa2afa wp-block-group-is-layout-flex\" style=\"padding-top:0;padding-right:0;padding-bottom:0;padding-left:0\">\n<figure class=\"wp-block-image size-large ext-aspect-landscape wp-duotone-primary-foreground\"><img decoding=\"async\" src=\"data:image\/svg+xml;base64,PHN2ZyB4bWxucz0iaHR0cDovL3d3dy53My5vcmcvMjAwMC9zdmciIHdpZHRoPSI0OCIgaGVpZ2h0PSI0OCIgZmlsbD0iIzAwMDAwMCIgdmlld0JveD0iMCAwIDI1NiAyNTYiPjxwYXRoIGQ9Ik04MCw0MGE0MCw0MCwwLDEsMCw0MCw0MEE0MCw0MCwwLDAsMCw4MCw0MFptMCw2NGEyNCwyNCwwLDEsMSwyNC0yNEEyNCwyNCwwLDAsMSw4MCwxMDRabTk2LDE2YTQwLDQwLDAsMSwwLTQwLTQwQTQwLDQwLDAsMCwwLDE3NiwxMjBabTAtNjRhMjQsMjQsMCwxLDEtMjQsMjRBMjQsMjQsMCwwLDEsMTc2LDU2Wk04MCwxMzZhNDAsNDAsMCwxLDAsNDAsNDBBNDAsNDAsMCwwLDAsODAsMTM2Wm0wLDY0YTI0LDI0LDAsMSwxLDI0LTI0QTI0LDI0LDAsMCwxLDgwLDIwMFptMTM2LTI0YTgsOCwwLDAsMS04LDhIMTg0djI0YTgsOCwwLDAsMS0xNiwwVjE4NEgxNDRhOCw4LDAsMCwxLDAtMTZoMjRWMTQ0YTgsOCwwLDAsMSwxNiwwdjI0aDI0QTgsOCwwLDAsMSwyMTYsMTc2WiI+PC9wYXRoPjwvc3ZnPg==\" alt=\"\" style=\"object-fit:cover\"\/><\/figure>\n\n\n\n<div class=\"wp-block-group wp-container-content-958eb9dc has-global-padding is-layout-constrained wp-container-core-group-is-layout-c06d165c wp-block-group-is-layout-constrained\" style=\"padding-top:0;padding-right:0;padding-bottom:0;padding-left:0\">\n<h3 class=\"wp-block-heading\">Support Multilingue<\/h3>\n\n\n\n<p>B\u00e9n\u00e9ficiez d&rsquo;une assistance fiable adapt\u00e9e \u00e0 vos exigences internationales.<\/p>\n<\/div>\n<\/div>\n<\/div>\n<\/div>\n<\/div>\n<\/div>\n<\/div>\n\n<div class=\"wp-block-group alignfull is-style-ext-preset--group--natural-1--section has-tertiary-background-color has-background has-global-padding is-layout-constrained wp-container-core-group-is-layout-e955bbaf wp-block-group-is-layout-constrained\" id=\"fonctionnalites\" style=\"margin-top:0;margin-bottom:0;padding-top:var(--wp--preset--spacing--70);padding-bottom:var(--wp--preset--spacing--70)\">\n<div class=\"wp-block-group alignwide is-vertical is-layout-flex wp-container-core-group-is-layout-c35747d5 wp-block-group-is-layout-flex\">\n<div class=\"wp-block-group has-global-padding is-layout-constrained wp-container-core-group-is-layout-5e05634a wp-block-group-is-layout-constrained\">\n<h2 class=\"wp-block-heading\">Garantir fiabilit\u00e9 et excellence dans chaque service<\/h2>\n\n\n\n<p class=\"has-text-align-left\">D\u00e9couvrez nos atouts majeurs qui distinguent notre plateforme, alliant qualit\u00e9 sup\u00e9rieure et prix comp\u00e9titifs pour r\u00e9pondre \u00e0 vos besoins.<\/p>\n<\/div>\n<\/div>\n\n\n\n<div class=\"wp-block-columns alignwide is-layout-flex wp-container-core-columns-is-layout-87beb0d0 wp-block-columns-is-layout-flex\">\n<div class=\"wp-block-column is-vertically-aligned-stretch is-layout-flow wp-container-core-column-is-layout-119bc444 wp-block-column-is-layout-flow\">\n<div class=\"wp-block-media-text is-stacked-on-mobile is-image-fill-element is-style-ext-preset--media-text--natural-1--card-1 has-background-background-color has-background is-style-ext-preset--media-text--natural-1--card-1--7\"><figure class=\"wp-block-media-text__media\"><img loading=\"lazy\" decoding=\"async\" width=\"1440\" height=\"961\" class=\"wp-image-72 size-full\" src=\"https:\/\/ajima.ma\/wp-content\/uploads\/2026\/02\/7d5accacbd8d00e6ce2ae3ac2703421f9ced3e2f.jpg\" alt=\"\" style=\"object-position:50% 50%\" srcset=\"https:\/\/ajima.ma\/wp-content\/uploads\/2026\/02\/7d5accacbd8d00e6ce2ae3ac2703421f9ced3e2f.jpg 1440w, https:\/\/ajima.ma\/wp-content\/uploads\/2026\/02\/7d5accacbd8d00e6ce2ae3ac2703421f9ced3e2f-300x200.jpg 300w, https:\/\/ajima.ma\/wp-content\/uploads\/2026\/02\/7d5accacbd8d00e6ce2ae3ac2703421f9ced3e2f-1024x683.jpg 1024w, https:\/\/ajima.ma\/wp-content\/uploads\/2026\/02\/7d5accacbd8d00e6ce2ae3ac2703421f9ced3e2f-768x513.jpg 768w, https:\/\/ajima.ma\/wp-content\/uploads\/2026\/02\/7d5accacbd8d00e6ce2ae3ac2703421f9ced3e2f-18x12.jpg 18w, https:\/\/ajima.ma\/wp-content\/uploads\/2026\/02\/7d5accacbd8d00e6ce2ae3ac2703421f9ced3e2f-600x400.jpg 600w\" sizes=\"auto, (max-width: 1440px) 100vw, 1440px\" \/><\/figure><div class=\"wp-block-media-text__content\">\n<div class=\"wp-block-group is-style-default has-global-padding is-layout-constrained wp-container-core-group-is-layout-9a7b35d3 wp-block-group-is-layout-constrained\" style=\"padding-top:var(--wp--preset--spacing--40);padding-right:var(--wp--preset--spacing--30);padding-bottom:var(--wp--preset--spacing--40);padding-left:var(--wp--preset--spacing--30)\">\n<h3 class=\"wp-block-heading\" style=\"font-size:clamp(15.747px, 0.984rem + ((1vw - 3.2px) * 0.86), 24px);\">S\u00e9lection rigoureuse<\/h3>\n\n\n\n<p class=\"has-small-font-size\">Nous offrons uniquement des biens et services s\u00e9lectionn\u00e9s pour leur qualit\u00e9 irr\u00e9prochable.<\/p>\n<\/div>\n<\/div><\/div>\n<\/div>\n\n\n\n<div class=\"wp-block-column is-vertically-aligned-stretch is-layout-flow wp-container-core-column-is-layout-119bc444 wp-block-column-is-layout-flow\">\n<div class=\"wp-block-media-text is-stacked-on-mobile is-image-fill-element is-style-ext-preset--media-text--natural-1--card-1 has-background-background-color has-background is-style-ext-preset--media-text--natural-1--card-1--8\"><figure class=\"wp-block-media-text__media\"><img loading=\"lazy\" decoding=\"async\" width=\"1440\" height=\"960\" class=\"wp-image-73 size-full\" src=\"https:\/\/ajima.ma\/wp-content\/uploads\/2026\/02\/8e235f78f959ff6d38de2c0ffa9474132c0a6dd5.jpg\" alt=\"\" style=\"object-position:50% 50%\" srcset=\"https:\/\/ajima.ma\/wp-content\/uploads\/2026\/02\/8e235f78f959ff6d38de2c0ffa9474132c0a6dd5.jpg 1440w, https:\/\/ajima.ma\/wp-content\/uploads\/2026\/02\/8e235f78f959ff6d38de2c0ffa9474132c0a6dd5-300x200.jpg 300w, https:\/\/ajima.ma\/wp-content\/uploads\/2026\/02\/8e235f78f959ff6d38de2c0ffa9474132c0a6dd5-1024x683.jpg 1024w, https:\/\/ajima.ma\/wp-content\/uploads\/2026\/02\/8e235f78f959ff6d38de2c0ffa9474132c0a6dd5-768x512.jpg 768w, https:\/\/ajima.ma\/wp-content\/uploads\/2026\/02\/8e235f78f959ff6d38de2c0ffa9474132c0a6dd5-18x12.jpg 18w, https:\/\/ajima.ma\/wp-content\/uploads\/2026\/02\/8e235f78f959ff6d38de2c0ffa9474132c0a6dd5-600x400.jpg 600w\" sizes=\"auto, (max-width: 1440px) 100vw, 1440px\" \/><\/figure><div class=\"wp-block-media-text__content\">\n<div class=\"wp-block-group is-style-default has-global-padding is-layout-constrained wp-container-core-group-is-layout-9a7b35d3 wp-block-group-is-layout-constrained\" style=\"padding-top:var(--wp--preset--spacing--40);padding-right:var(--wp--preset--spacing--30);padding-bottom:var(--wp--preset--spacing--40);padding-left:var(--wp--preset--spacing--30)\">\n<h3 class=\"wp-block-heading\" style=\"font-size:clamp(15.747px, 0.984rem + ((1vw - 3.2px) * 0.86), 24px);\">R\u00e9seau international<\/h3>\n\n\n\n<p class=\"has-small-font-size\">Profitez d&rsquo;un r\u00e9seau global de partenaires pour des solutions adapt\u00e9es et efficaces.<\/p>\n<\/div>\n<\/div><\/div>\n<\/div>\n<\/div>\n\n\n\n<div class=\"wp-block-columns alignwide is-layout-flex wp-container-core-columns-is-layout-e12f0bcd wp-block-columns-is-layout-flex\" style=\"margin-top:var(--wp--preset--spacing--30)\">\n<div class=\"wp-block-column is-layout-flow wp-container-core-column-is-layout-119bc444 wp-block-column-is-layout-flow\">\n<div class=\"wp-block-media-text is-stacked-on-mobile is-image-fill-element is-style-ext-preset--media-text--natural-1--card-1 has-background-background-color has-background is-style-ext-preset--media-text--natural-1--card-1--9\"><figure class=\"wp-block-media-text__media\"><img loading=\"lazy\" decoding=\"async\" width=\"1440\" height=\"960\" class=\"wp-image-67 size-full\" src=\"https:\/\/ajima.ma\/wp-content\/uploads\/2026\/02\/b41651d91adfa03248069812dab2d35f7dc60f4d.jpg\" alt=\"\" style=\"object-position:50% 50%\" srcset=\"https:\/\/ajima.ma\/wp-content\/uploads\/2026\/02\/b41651d91adfa03248069812dab2d35f7dc60f4d.jpg 1440w, https:\/\/ajima.ma\/wp-content\/uploads\/2026\/02\/b41651d91adfa03248069812dab2d35f7dc60f4d-300x200.jpg 300w, https:\/\/ajima.ma\/wp-content\/uploads\/2026\/02\/b41651d91adfa03248069812dab2d35f7dc60f4d-1024x683.jpg 1024w, https:\/\/ajima.ma\/wp-content\/uploads\/2026\/02\/b41651d91adfa03248069812dab2d35f7dc60f4d-768x512.jpg 768w, https:\/\/ajima.ma\/wp-content\/uploads\/2026\/02\/b41651d91adfa03248069812dab2d35f7dc60f4d-18x12.jpg 18w, https:\/\/ajima.ma\/wp-content\/uploads\/2026\/02\/b41651d91adfa03248069812dab2d35f7dc60f4d-600x400.jpg 600w\" sizes=\"auto, (max-width: 1440px) 100vw, 1440px\" \/><\/figure><div class=\"wp-block-media-text__content\">\n<div class=\"wp-block-group is-style-default has-global-padding is-layout-constrained wp-container-core-group-is-layout-9a7b35d3 wp-block-group-is-layout-constrained\" style=\"padding-top:var(--wp--preset--spacing--40);padding-right:var(--wp--preset--spacing--30);padding-bottom:var(--wp--preset--spacing--40);padding-left:var(--wp--preset--spacing--30)\">\n<h3 class=\"wp-block-heading\" style=\"font-size:clamp(15.747px, 0.984rem + ((1vw - 3.2px) * 0.86), 24px);\">Support personnalis\u00e9<\/h3>\n\n\n\n<p class=\"has-small-font-size\">Un accompagnement d\u00e9di\u00e9 pour chaque client, assurant satisfaction et confiance.<\/p>\n<\/div>\n<\/div><\/div>\n<\/div>\n\n\n\n<div class=\"wp-block-column is-layout-flow wp-container-core-column-is-layout-119bc444 wp-block-column-is-layout-flow\">\n<div class=\"wp-block-media-text is-stacked-on-mobile is-image-fill-element is-style-ext-preset--media-text--natural-1--card-1 has-background-background-color has-background is-style-ext-preset--media-text--natural-1--card-1--10\"><figure class=\"wp-block-media-text__media\"><img loading=\"lazy\" decoding=\"async\" width=\"1440\" height=\"1012\" class=\"wp-image-74 size-full\" src=\"https:\/\/ajima.ma\/wp-content\/uploads\/2026\/02\/2dcb0f3143726c2f4ddd08c07babbd9b238fe311.jpg\" alt=\"\" style=\"object-position:50% 50%\" srcset=\"https:\/\/ajima.ma\/wp-content\/uploads\/2026\/02\/2dcb0f3143726c2f4ddd08c07babbd9b238fe311.jpg 1440w, https:\/\/ajima.ma\/wp-content\/uploads\/2026\/02\/2dcb0f3143726c2f4ddd08c07babbd9b238fe311-300x211.jpg 300w, https:\/\/ajima.ma\/wp-content\/uploads\/2026\/02\/2dcb0f3143726c2f4ddd08c07babbd9b238fe311-1024x720.jpg 1024w, https:\/\/ajima.ma\/wp-content\/uploads\/2026\/02\/2dcb0f3143726c2f4ddd08c07babbd9b238fe311-768x540.jpg 768w, https:\/\/ajima.ma\/wp-content\/uploads\/2026\/02\/2dcb0f3143726c2f4ddd08c07babbd9b238fe311-18x12.jpg 18w, https:\/\/ajima.ma\/wp-content\/uploads\/2026\/02\/2dcb0f3143726c2f4ddd08c07babbd9b238fe311-600x422.jpg 600w\" sizes=\"auto, (max-width: 1440px) 100vw, 1440px\" \/><\/figure><div class=\"wp-block-media-text__content\">\n<div class=\"wp-block-group is-style-default has-global-padding is-layout-constrained wp-container-core-group-is-layout-9a7b35d3 wp-block-group-is-layout-constrained\" style=\"padding-top:var(--wp--preset--spacing--40);padding-right:var(--wp--preset--spacing--30);padding-bottom:var(--wp--preset--spacing--40);padding-left:var(--wp--preset--spacing--30)\">\n<h3 class=\"wp-block-heading\" style=\"font-size:clamp(15.747px, 0.984rem + ((1vw - 3.2px) * 0.86), 24px);\">Tarification avantageuse<\/h3>\n\n\n\n<p class=\"has-small-font-size\">Des prix comp\u00e9titifs sans compromis sur la qualit\u00e9, pour un excellent rapport qualit\u00e9-prix.<\/p>\n<\/div>\n<\/div><\/div>\n<\/div>\n<\/div>\n<\/div>\n\n<div class=\"wp-block-group alignfull is-style-ext-preset--group--natural-1--section has-background-background-color has-background has-global-padding is-layout-constrained wp-container-core-group-is-layout-e955bbaf wp-block-group-is-layout-constrained\" style=\"margin-top:0;margin-bottom:0;padding-top:var(--wp--preset--spacing--70);padding-bottom:var(--wp--preset--spacing--70)\">\n<div class=\"wp-block-media-text alignwide is-stacked-on-mobile is-image-fill-element is-style-ext-preset--media-text--natural-1--card-1 has-tertiary-background-color has-background is-style-ext-preset--media-text--natural-1--card-1--12\"><figure class=\"wp-block-media-text__media\"><img loading=\"lazy\" decoding=\"async\" width=\"1440\" height=\"960\" class=\"wp-image-69 size-full\" src=\"https:\/\/ajima.ma\/wp-content\/uploads\/2026\/02\/617af078ea6bfc072a3bf248be0438919a2f34ca.jpg\" alt=\"\" style=\"object-position:50% 50%\" srcset=\"https:\/\/ajima.ma\/wp-content\/uploads\/2026\/02\/617af078ea6bfc072a3bf248be0438919a2f34ca.jpg 1440w, https:\/\/ajima.ma\/wp-content\/uploads\/2026\/02\/617af078ea6bfc072a3bf248be0438919a2f34ca-300x200.jpg 300w, https:\/\/ajima.ma\/wp-content\/uploads\/2026\/02\/617af078ea6bfc072a3bf248be0438919a2f34ca-1024x683.jpg 1024w, https:\/\/ajima.ma\/wp-content\/uploads\/2026\/02\/617af078ea6bfc072a3bf248be0438919a2f34ca-768x512.jpg 768w, https:\/\/ajima.ma\/wp-content\/uploads\/2026\/02\/617af078ea6bfc072a3bf248be0438919a2f34ca-18x12.jpg 18w, https:\/\/ajima.ma\/wp-content\/uploads\/2026\/02\/617af078ea6bfc072a3bf248be0438919a2f34ca-600x400.jpg 600w\" sizes=\"auto, (max-width: 1440px) 100vw, 1440px\" \/><\/figure><div class=\"wp-block-media-text__content\">\n<div class=\"wp-block-group alignwide is-vertical is-layout-flex wp-container-core-group-is-layout-53474e87 wp-block-group-is-layout-flex\" style=\"padding-top:var(--wp--preset--spacing--60);padding-bottom:var(--wp--preset--spacing--60)\">\n<div class=\"wp-block-group has-global-padding is-layout-constrained wp-container-core-group-is-layout-812d5580 wp-block-group-is-layout-constrained\" style=\"padding-top:0;padding-right:0;padding-bottom:0;padding-left:0\">\n<h2 class=\"wp-block-heading\">Solutions sur-mesure pour entreprises et particuliers<\/h2>\n\n\n\n<p>D\u00e9couvrez comment Ajima vous connecte \u00e0 un r\u00e9seau mondial, offrant qualit\u00e9 et fiabilit\u00e9 \u00e0 chaque transaction. Rejoignez-nous d\u00e8s aujourd&rsquo;hui pour b\u00e9n\u00e9ficier d&rsquo;avantages exclusifs et d&rsquo;un service personnalis\u00e9.<\/p>\n<\/div>\n\n\n\n<div class=\"wp-block-buttons is-layout-flex wp-block-buttons-is-layout-flex\">\n<div class=\"wp-block-button is-style-ext-preset--button--natural-1--button-1 is-style-ext-preset--button--natural-1--button-1--13\"><a class=\"wp-block-button__link wp-element-button\" href=\"https:\/\/ajima.ma\/en\/contact\/\">D\u00e9couvrir nos services<\/a><\/div>\n<\/div>\n<\/div>\n<\/div><\/div>\n<\/div>","protected":false},"excerpt":{"rendered":"<p>Votre passerelle vers l&rsquo;excellence internationale D\u00e9couvrez notre gamme compl\u00e8te de services, alliant qualit\u00e9 sup\u00e9rieure et engagement total envers votre satisfaction. Consultation Personnalis\u00e9e Nous analysons vos besoins pour vous proposer des solutions adapt\u00e9es et efficaces. Solutions Logistiques Optimisez votre cha\u00eene d&rsquo;approvisionnement gr\u00e2ce \u00e0 nos offres sur mesure et performantes. Support Multilingue B\u00e9n\u00e9ficiez d&rsquo;une assistance fiable adapt\u00e9e [&hellip;]<\/p>\n","protected":false},"author":1,"featured_media":0,"parent":0,"menu_order":0,"comment_status":"closed","ping_status":"closed","template":"page-with-title","meta":{"_monsterinsights_skip_tracking":false,"_monsterinsights_sitenote_active":false,"_monsterinsights_sitenote_note":"","_monsterinsights_sitenote_category":0,"_uf_show_specific_survey":0,"_uf_disable_surveys":false,"footnotes":""},"class_list":["post-26","page","type-page","status-publish","hentry"],"aioseo_notices":[],"_links":{"self":[{"href":"https:\/\/ajima.ma\/en\/wp-json\/wp\/v2\/pages\/26","targetHints":{"allow":["GET"]}}],"collection":[{"href":"https:\/\/ajima.ma\/en\/wp-json\/wp\/v2\/pages"}],"about":[{"href":"https:\/\/ajima.ma\/en\/wp-json\/wp\/v2\/types\/page"}],"author":[{"embeddable":true,"href":"https:\/\/ajima.ma\/en\/wp-json\/wp\/v2\/users\/1"}],"replies":[{"embeddable":true,"href":"https:\/\/ajima.ma\/en\/wp-json\/wp\/v2\/comments?post=26"}],"version-history":[{"count":2,"href":"https:\/\/ajima.ma\/en\/wp-json\/wp\/v2\/pages\/26\/revisions"}],"predecessor-version":[{"id":75,"href":"https:\/\/ajima.ma\/en\/wp-json\/wp\/v2\/pages\/26\/revisions\/75"}],"wp:attachment":[{"href":"https:\/\/ajima.ma\/en\/wp-json\/wp\/v2\/media?parent=26"}],"curies":[{"name":"wp","href":"https:\/\/api.w.org\/{rel}","templated":true}]}}