{"id":30,"date":"2026-02-17T14:48:48","date_gmt":"2026-02-17T14:48:48","guid":{"rendered":"https:\/\/ajima.ma\/portfolio\/"},"modified":"2026-02-17T14:53:44","modified_gmt":"2026-02-17T14:53:44","slug":"portfolio","status":"publish","type":"page","link":"https:\/\/ajima.ma\/en\/portfolio\/","title":{"rendered":"Portfolio"},"content":{"rendered":"<div class=\"wp-block-group alignfull is-style-ext-preset--group--natural-1--section has-background-background-color has-background has-global-padding is-layout-constrained wp-block-group-is-layout-constrained\" id=\"a-propos\" style=\"margin-top:0;margin-bottom:0;padding-top:var(--wp--preset--spacing--70);padding-bottom:var(--wp--preset--spacing--70)\">\n<div class=\"wp-block-columns alignwide are-vertically-aligned-center is-layout-flex wp-container-core-columns-is-layout-174606dc wp-block-columns-is-layout-flex\">\n<div class=\"wp-block-column is-vertically-aligned-center is-layout-flow wp-block-column-is-layout-flow\">\n<div class=\"wp-block-group alignwide is-vertical is-layout-flex wp-container-core-group-is-layout-c35747d5 wp-block-group-is-layout-flex\">\n<div class=\"wp-block-group has-global-padding is-layout-constrained wp-container-core-group-is-layout-dd32767c wp-block-group-is-layout-constrained\">\n<h2 class=\"wp-block-heading\">Solutions sur mesure pour entreprises et particuliers<\/h2>\n\n\n\n<p>D\u00e9couvrez ici l&rsquo;essence de notre engagement : fournir qualit\u00e9, fiabilit\u00e9 et excellence dans chaque transaction, en respectant les valeurs qui fa\u00e7onnent notre activit\u00e9 internationale.<\/p>\n<\/div>\n<\/div>\n<\/div>\n\n\n\n<div class=\"wp-block-column is-vertically-aligned-center is-layout-flow wp-block-column-is-layout-flow\">\n<figure class=\"wp-block-image is-style-ext-preset--image--natural-1--image-1--content-left is-style-ext-preset--image--natural-1--image-1--content-left--2\"><img loading=\"lazy\" decoding=\"async\" width=\"1440\" height=\"961\" class=\"wp-image-65\" src=\"https:\/\/ajima.ma\/wp-content\/uploads\/2026\/02\/4341ffaa12a725b106934ce6a60e5d89ee5418be.jpg\" alt=\"\" style=\"aspect-ratio:1;object-fit:cover\" srcset=\"https:\/\/ajima.ma\/wp-content\/uploads\/2026\/02\/4341ffaa12a725b106934ce6a60e5d89ee5418be.jpg 1440w, https:\/\/ajima.ma\/wp-content\/uploads\/2026\/02\/4341ffaa12a725b106934ce6a60e5d89ee5418be-300x200.jpg 300w, https:\/\/ajima.ma\/wp-content\/uploads\/2026\/02\/4341ffaa12a725b106934ce6a60e5d89ee5418be-1024x683.jpg 1024w, https:\/\/ajima.ma\/wp-content\/uploads\/2026\/02\/4341ffaa12a725b106934ce6a60e5d89ee5418be-768x513.jpg 768w, https:\/\/ajima.ma\/wp-content\/uploads\/2026\/02\/4341ffaa12a725b106934ce6a60e5d89ee5418be-18x12.jpg 18w, https:\/\/ajima.ma\/wp-content\/uploads\/2026\/02\/4341ffaa12a725b106934ce6a60e5d89ee5418be-600x400.jpg 600w\" sizes=\"auto, (max-width: 1440px) 100vw, 1440px\" \/><\/figure>\n<\/div>\n<\/div>\n<\/div>\n\n<div class=\"wp-block-group alignfull is-style-ext-preset--group--natural-1--section has-tertiary-background-color has-background has-global-padding is-layout-constrained wp-container-core-group-is-layout-f72f1611 wp-block-group-is-layout-constrained\" id=\"galerie\" style=\"margin-top:0;margin-bottom:0;padding-top:var(--wp--preset--spacing--70);padding-bottom:var(--wp--preset--spacing--70)\">\n<div class=\"wp-block-group alignwide is-vertical is-layout-flex wp-container-core-group-is-layout-c35747d5 wp-block-group-is-layout-flex\">\n<div class=\"wp-block-group has-global-padding is-layout-constrained wp-container-core-group-is-layout-5e05634a wp-block-group-is-layout-constrained\">\n<h2 class=\"wp-block-heading\">Ajima. Trust, International Business, votre partenaire d&rsquo;excellence<\/h2>\n\n\n\n<p class=\"has-text-align-left\">D\u00e9couvrez une galerie exclusive illustrant la qualit\u00e9 exceptionnelle et l\u2019authenticit\u00e9 de nos services et produits.<\/p>\n<\/div>\n<\/div>\n\n\n\n<div class=\"wp-block-columns alignwide are-vertically-aligned-top is-layout-flex wp-container-core-columns-is-layout-87beb0d0 wp-block-columns-is-layout-flex\">\n<div class=\"wp-block-column is-vertically-aligned-top is-layout-flow wp-container-core-column-is-layout-f5bb311e wp-block-column-is-layout-flow\">\n<figure class=\"wp-block-image is-style-ext-preset--image--natural-1--image-1--content-top is-style-ext-preset--image--natural-1--image-1--content-top--4\"><img loading=\"lazy\" decoding=\"async\" width=\"1440\" height=\"960\" class=\"wp-image-69\" src=\"https:\/\/ajima.ma\/wp-content\/uploads\/2026\/02\/617af078ea6bfc072a3bf248be0438919a2f34ca.jpg\" alt=\"\" style=\"aspect-ratio:1;object-fit:cover\" srcset=\"https:\/\/ajima.ma\/wp-content\/uploads\/2026\/02\/617af078ea6bfc072a3bf248be0438919a2f34ca.jpg 1440w, https:\/\/ajima.ma\/wp-content\/uploads\/2026\/02\/617af078ea6bfc072a3bf248be0438919a2f34ca-300x200.jpg 300w, https:\/\/ajima.ma\/wp-content\/uploads\/2026\/02\/617af078ea6bfc072a3bf248be0438919a2f34ca-1024x683.jpg 1024w, https:\/\/ajima.ma\/wp-content\/uploads\/2026\/02\/617af078ea6bfc072a3bf248be0438919a2f34ca-768x512.jpg 768w, https:\/\/ajima.ma\/wp-content\/uploads\/2026\/02\/617af078ea6bfc072a3bf248be0438919a2f34ca-18x12.jpg 18w, https:\/\/ajima.ma\/wp-content\/uploads\/2026\/02\/617af078ea6bfc072a3bf248be0438919a2f34ca-600x400.jpg 600w\" sizes=\"auto, (max-width: 1440px) 100vw, 1440px\" \/><\/figure>\n\n\n\n<figure class=\"wp-block-image is-style-ext-preset--image--natural-1--image-1--content-top is-style-ext-preset--image--natural-1--image-1--content-top--5\"><img loading=\"lazy\" decoding=\"async\" width=\"1440\" height=\"961\" class=\"wp-image-65\" src=\"https:\/\/ajima.ma\/wp-content\/uploads\/2026\/02\/4341ffaa12a725b106934ce6a60e5d89ee5418be.jpg\" alt=\"\" style=\"aspect-ratio:1;object-fit:cover\" srcset=\"https:\/\/ajima.ma\/wp-content\/uploads\/2026\/02\/4341ffaa12a725b106934ce6a60e5d89ee5418be.jpg 1440w, https:\/\/ajima.ma\/wp-content\/uploads\/2026\/02\/4341ffaa12a725b106934ce6a60e5d89ee5418be-300x200.jpg 300w, https:\/\/ajima.ma\/wp-content\/uploads\/2026\/02\/4341ffaa12a725b106934ce6a60e5d89ee5418be-1024x683.jpg 1024w, https:\/\/ajima.ma\/wp-content\/uploads\/2026\/02\/4341ffaa12a725b106934ce6a60e5d89ee5418be-768x513.jpg 768w, https:\/\/ajima.ma\/wp-content\/uploads\/2026\/02\/4341ffaa12a725b106934ce6a60e5d89ee5418be-18x12.jpg 18w, https:\/\/ajima.ma\/wp-content\/uploads\/2026\/02\/4341ffaa12a725b106934ce6a60e5d89ee5418be-600x400.jpg 600w\" sizes=\"auto, (max-width: 1440px) 100vw, 1440px\" \/><\/figure>\n<\/div>\n\n\n\n<div class=\"wp-block-column is-vertically-aligned-top is-layout-flow wp-container-core-column-is-layout-f5bb311e wp-block-column-is-layout-flow\">\n<figure class=\"wp-block-image is-style-ext-preset--image--natural-1--image-1--content-top is-style-ext-preset--image--natural-1--image-1--content-top--6\"><img loading=\"lazy\" decoding=\"async\" width=\"1440\" height=\"954\" class=\"wp-image-78\" src=\"https:\/\/ajima.ma\/wp-content\/uploads\/2026\/02\/421b95488760be1da5ebd0ccfec2f73a33408ff4.jpg\" alt=\"\" style=\"aspect-ratio:1;object-fit:cover\" srcset=\"https:\/\/ajima.ma\/wp-content\/uploads\/2026\/02\/421b95488760be1da5ebd0ccfec2f73a33408ff4.jpg 1440w, https:\/\/ajima.ma\/wp-content\/uploads\/2026\/02\/421b95488760be1da5ebd0ccfec2f73a33408ff4-300x199.jpg 300w, https:\/\/ajima.ma\/wp-content\/uploads\/2026\/02\/421b95488760be1da5ebd0ccfec2f73a33408ff4-1024x678.jpg 1024w, https:\/\/ajima.ma\/wp-content\/uploads\/2026\/02\/421b95488760be1da5ebd0ccfec2f73a33408ff4-768x509.jpg 768w, https:\/\/ajima.ma\/wp-content\/uploads\/2026\/02\/421b95488760be1da5ebd0ccfec2f73a33408ff4-18x12.jpg 18w, https:\/\/ajima.ma\/wp-content\/uploads\/2026\/02\/421b95488760be1da5ebd0ccfec2f73a33408ff4-600x398.jpg 600w\" sizes=\"auto, (max-width: 1440px) 100vw, 1440px\" \/><\/figure>\n\n\n\n<figure class=\"wp-block-image is-style-ext-preset--image--natural-1--image-1--content-top is-style-ext-preset--image--natural-1--image-1--content-top--7\"><img loading=\"lazy\" decoding=\"async\" width=\"1440\" height=\"961\" class=\"wp-image-72\" src=\"https:\/\/ajima.ma\/wp-content\/uploads\/2026\/02\/7d5accacbd8d00e6ce2ae3ac2703421f9ced3e2f.jpg\" alt=\"\" style=\"aspect-ratio:1;object-fit:cover\" srcset=\"https:\/\/ajima.ma\/wp-content\/uploads\/2026\/02\/7d5accacbd8d00e6ce2ae3ac2703421f9ced3e2f.jpg 1440w, https:\/\/ajima.ma\/wp-content\/uploads\/2026\/02\/7d5accacbd8d00e6ce2ae3ac2703421f9ced3e2f-300x200.jpg 300w, https:\/\/ajima.ma\/wp-content\/uploads\/2026\/02\/7d5accacbd8d00e6ce2ae3ac2703421f9ced3e2f-1024x683.jpg 1024w, https:\/\/ajima.ma\/wp-content\/uploads\/2026\/02\/7d5accacbd8d00e6ce2ae3ac2703421f9ced3e2f-768x513.jpg 768w, https:\/\/ajima.ma\/wp-content\/uploads\/2026\/02\/7d5accacbd8d00e6ce2ae3ac2703421f9ced3e2f-18x12.jpg 18w, https:\/\/ajima.ma\/wp-content\/uploads\/2026\/02\/7d5accacbd8d00e6ce2ae3ac2703421f9ced3e2f-600x400.jpg 600w\" sizes=\"auto, (max-width: 1440px) 100vw, 1440px\" \/><\/figure>\n<\/div>\n\n\n\n<div class=\"wp-block-column is-vertically-aligned-top is-layout-flow wp-container-core-column-is-layout-f5bb311e wp-block-column-is-layout-flow\">\n<figure class=\"wp-block-image is-style-ext-preset--image--natural-1--image-1--content-top is-style-ext-preset--image--natural-1--image-1--content-top--8\"><img loading=\"lazy\" decoding=\"async\" width=\"1440\" height=\"960\" class=\"wp-image-73\" src=\"https:\/\/ajima.ma\/wp-content\/uploads\/2026\/02\/8e235f78f959ff6d38de2c0ffa9474132c0a6dd5.jpg\" alt=\"\" style=\"aspect-ratio:1;object-fit:cover\" srcset=\"https:\/\/ajima.ma\/wp-content\/uploads\/2026\/02\/8e235f78f959ff6d38de2c0ffa9474132c0a6dd5.jpg 1440w, https:\/\/ajima.ma\/wp-content\/uploads\/2026\/02\/8e235f78f959ff6d38de2c0ffa9474132c0a6dd5-300x200.jpg 300w, https:\/\/ajima.ma\/wp-content\/uploads\/2026\/02\/8e235f78f959ff6d38de2c0ffa9474132c0a6dd5-1024x683.jpg 1024w, https:\/\/ajima.ma\/wp-content\/uploads\/2026\/02\/8e235f78f959ff6d38de2c0ffa9474132c0a6dd5-768x512.jpg 768w, https:\/\/ajima.ma\/wp-content\/uploads\/2026\/02\/8e235f78f959ff6d38de2c0ffa9474132c0a6dd5-18x12.jpg 18w, https:\/\/ajima.ma\/wp-content\/uploads\/2026\/02\/8e235f78f959ff6d38de2c0ffa9474132c0a6dd5-600x400.jpg 600w\" sizes=\"auto, (max-width: 1440px) 100vw, 1440px\" \/><\/figure>\n\n\n\n<figure class=\"wp-block-image is-style-ext-preset--image--natural-1--image-1--content-top is-style-ext-preset--image--natural-1--image-1--content-top--9\"><img loading=\"lazy\" decoding=\"async\" width=\"1440\" height=\"1012\" class=\"wp-image-74\" src=\"https:\/\/ajima.ma\/wp-content\/uploads\/2026\/02\/2dcb0f3143726c2f4ddd08c07babbd9b238fe311.jpg\" alt=\"\" style=\"aspect-ratio:1;object-fit:cover\" srcset=\"https:\/\/ajima.ma\/wp-content\/uploads\/2026\/02\/2dcb0f3143726c2f4ddd08c07babbd9b238fe311.jpg 1440w, https:\/\/ajima.ma\/wp-content\/uploads\/2026\/02\/2dcb0f3143726c2f4ddd08c07babbd9b238fe311-300x211.jpg 300w, https:\/\/ajima.ma\/wp-content\/uploads\/2026\/02\/2dcb0f3143726c2f4ddd08c07babbd9b238fe311-1024x720.jpg 1024w, https:\/\/ajima.ma\/wp-content\/uploads\/2026\/02\/2dcb0f3143726c2f4ddd08c07babbd9b238fe311-768x540.jpg 768w, https:\/\/ajima.ma\/wp-content\/uploads\/2026\/02\/2dcb0f3143726c2f4ddd08c07babbd9b238fe311-18x12.jpg 18w, https:\/\/ajima.ma\/wp-content\/uploads\/2026\/02\/2dcb0f3143726c2f4ddd08c07babbd9b238fe311-600x422.jpg 600w\" sizes=\"auto, (max-width: 1440px) 100vw, 1440px\" \/><\/figure>\n<\/div>\n\n\n\n<div class=\"wp-block-column is-vertically-aligned-top is-layout-flow wp-container-core-column-is-layout-f5bb311e wp-block-column-is-layout-flow\">\n<figure class=\"wp-block-image is-style-ext-preset--image--natural-1--image-1--content-top is-style-ext-preset--image--natural-1--image-1--content-top--10\"><img loading=\"lazy\" decoding=\"async\" width=\"1440\" height=\"960\" class=\"wp-image-67\" src=\"https:\/\/ajima.ma\/wp-content\/uploads\/2026\/02\/b41651d91adfa03248069812dab2d35f7dc60f4d.jpg\" alt=\"\" style=\"aspect-ratio:1;object-fit:cover\" srcset=\"https:\/\/ajima.ma\/wp-content\/uploads\/2026\/02\/b41651d91adfa03248069812dab2d35f7dc60f4d.jpg 1440w, https:\/\/ajima.ma\/wp-content\/uploads\/2026\/02\/b41651d91adfa03248069812dab2d35f7dc60f4d-300x200.jpg 300w, https:\/\/ajima.ma\/wp-content\/uploads\/2026\/02\/b41651d91adfa03248069812dab2d35f7dc60f4d-1024x683.jpg 1024w, https:\/\/ajima.ma\/wp-content\/uploads\/2026\/02\/b41651d91adfa03248069812dab2d35f7dc60f4d-768x512.jpg 768w, https:\/\/ajima.ma\/wp-content\/uploads\/2026\/02\/b41651d91adfa03248069812dab2d35f7dc60f4d-18x12.jpg 18w, https:\/\/ajima.ma\/wp-content\/uploads\/2026\/02\/b41651d91adfa03248069812dab2d35f7dc60f4d-600x400.jpg 600w\" sizes=\"auto, (max-width: 1440px) 100vw, 1440px\" \/><\/figure>\n\n\n\n<figure class=\"wp-block-image is-style-ext-preset--image--natural-1--image-1--content-top is-style-ext-preset--image--natural-1--image-1--content-top--11\"><img loading=\"lazy\" decoding=\"async\" width=\"1152\" height=\"1440\" class=\"wp-image-80\" src=\"https:\/\/ajima.ma\/wp-content\/uploads\/2026\/02\/3cb0b0f02c145d6ac2889fa4934ea5296986b52a.jpg\" alt=\"\" style=\"aspect-ratio:1;object-fit:cover\" srcset=\"https:\/\/ajima.ma\/wp-content\/uploads\/2026\/02\/3cb0b0f02c145d6ac2889fa4934ea5296986b52a.jpg 1152w, https:\/\/ajima.ma\/wp-content\/uploads\/2026\/02\/3cb0b0f02c145d6ac2889fa4934ea5296986b52a-240x300.jpg 240w, https:\/\/ajima.ma\/wp-content\/uploads\/2026\/02\/3cb0b0f02c145d6ac2889fa4934ea5296986b52a-819x1024.jpg 819w, https:\/\/ajima.ma\/wp-content\/uploads\/2026\/02\/3cb0b0f02c145d6ac2889fa4934ea5296986b52a-768x960.jpg 768w, https:\/\/ajima.ma\/wp-content\/uploads\/2026\/02\/3cb0b0f02c145d6ac2889fa4934ea5296986b52a-10x12.jpg 10w, https:\/\/ajima.ma\/wp-content\/uploads\/2026\/02\/3cb0b0f02c145d6ac2889fa4934ea5296986b52a-600x750.jpg 600w\" sizes=\"auto, (max-width: 1152px) 100vw, 1152px\" \/><\/figure>\n<\/div>\n<\/div>\n<\/div>\n\n<div class=\"wp-block-group alignfull is-style-ext-preset--group--natural-1--section has-background-background-color has-background has-global-padding is-layout-constrained wp-container-core-group-is-layout-e955bbaf wp-block-group-is-layout-constrained\" style=\"margin-top:0;margin-bottom:0;padding-top:var(--wp--preset--spacing--70);padding-bottom:var(--wp--preset--spacing--70)\">\n<div class=\"wp-block-group alignwide is-vertical is-layout-flex wp-container-core-group-is-layout-c35747d5 wp-block-group-is-layout-flex\">\n<div class=\"wp-block-group has-global-padding is-layout-constrained wp-container-core-group-is-layout-5e05634a wp-block-group-is-layout-constrained\">\n<h2 class=\"wp-block-heading\">Histoires authentiques de r\u00e9ussite avec Ajima<\/h2>\n\n\n\n<p>D\u00e9couvrez pas \u00e0 pas comment tirer pleinement parti de notre plateforme pour vos besoins professionnels et personnels.<\/p>\n<\/div>\n<\/div>\n\n\n\n<div class=\"wp-block-media-text alignwide has-media-on-the-right is-stacked-on-mobile is-image-fill-element is-style-ext-preset--media-text--natural-1--card-1 is-style-ext-preset--media-text--natural-1--card-1--13\"><div class=\"wp-block-media-text__content\">\n<div class=\"wp-block-group alignwide is-vertical is-layout-flex wp-container-core-group-is-layout-53474e87 wp-block-group-is-layout-flex\" style=\"padding-top:var(--wp--preset--spacing--60);padding-bottom:var(--wp--preset--spacing--60)\">\n<div class=\"wp-block-group has-global-padding is-layout-constrained wp-container-core-group-is-layout-812d5580 wp-block-group-is-layout-constrained\" style=\"padding-top:0;padding-right:0;padding-bottom:0;padding-left:0\">\n<h3 class=\"wp-block-heading\">L\u2019ascension remarquable d\u2019une soci\u00e9t\u00e9 gr\u00e2ce \u00e0 notre expertise internationale<\/h3>\n\n\n\n<p>D\u00e9couvrez comment cette entreprise a surmont\u00e9 ses d\u00e9fis gr\u00e2ce \u00e0 Ajima, am\u00e9liorant son efficacit\u00e9, ses revenus et la satisfaction client.<\/p>\n<\/div>\n<\/div>\n<\/div><figure class=\"wp-block-media-text__media\"><img loading=\"lazy\" decoding=\"async\" width=\"1280\" height=\"1920\" class=\"wp-image-81 size-full\" src=\"https:\/\/ajima.ma\/wp-content\/uploads\/2026\/02\/cc2297ed0d976c37cbd460dfe1eedc430439fd68.jpg\" alt=\"\" style=\"object-position:50% 50%\" srcset=\"https:\/\/ajima.ma\/wp-content\/uploads\/2026\/02\/cc2297ed0d976c37cbd460dfe1eedc430439fd68.jpg 1280w, https:\/\/ajima.ma\/wp-content\/uploads\/2026\/02\/cc2297ed0d976c37cbd460dfe1eedc430439fd68-200x300.jpg 200w, https:\/\/ajima.ma\/wp-content\/uploads\/2026\/02\/cc2297ed0d976c37cbd460dfe1eedc430439fd68-683x1024.jpg 683w, https:\/\/ajima.ma\/wp-content\/uploads\/2026\/02\/cc2297ed0d976c37cbd460dfe1eedc430439fd68-768x1152.jpg 768w, https:\/\/ajima.ma\/wp-content\/uploads\/2026\/02\/cc2297ed0d976c37cbd460dfe1eedc430439fd68-1024x1536.jpg 1024w, https:\/\/ajima.ma\/wp-content\/uploads\/2026\/02\/cc2297ed0d976c37cbd460dfe1eedc430439fd68-8x12.jpg 8w, https:\/\/ajima.ma\/wp-content\/uploads\/2026\/02\/cc2297ed0d976c37cbd460dfe1eedc430439fd68-600x900.jpg 600w\" sizes=\"auto, (max-width: 1280px) 100vw, 1280px\" \/><\/figure><\/div>\n\n\n\n<div class=\"wp-block-media-text alignwide is-stacked-on-mobile is-image-fill-element is-style-ext-preset--media-text--natural-1--card-1 is-style-ext-preset--media-text--natural-1--card-1--14\" style=\"margin-top:var(--wp--preset--spacing--40)\"><figure class=\"wp-block-media-text__media\"><img loading=\"lazy\" decoding=\"async\" width=\"1280\" height=\"1920\" class=\"wp-image-82 size-full\" src=\"https:\/\/ajima.ma\/wp-content\/uploads\/2026\/02\/36a54e0622f55fe74c283ea0fec349967e420444.jpg\" alt=\"\" style=\"object-position:50% 50%\" srcset=\"https:\/\/ajima.ma\/wp-content\/uploads\/2026\/02\/36a54e0622f55fe74c283ea0fec349967e420444.jpg 1280w, https:\/\/ajima.ma\/wp-content\/uploads\/2026\/02\/36a54e0622f55fe74c283ea0fec349967e420444-200x300.jpg 200w, https:\/\/ajima.ma\/wp-content\/uploads\/2026\/02\/36a54e0622f55fe74c283ea0fec349967e420444-683x1024.jpg 683w, https:\/\/ajima.ma\/wp-content\/uploads\/2026\/02\/36a54e0622f55fe74c283ea0fec349967e420444-768x1152.jpg 768w, https:\/\/ajima.ma\/wp-content\/uploads\/2026\/02\/36a54e0622f55fe74c283ea0fec349967e420444-1024x1536.jpg 1024w, https:\/\/ajima.ma\/wp-content\/uploads\/2026\/02\/36a54e0622f55fe74c283ea0fec349967e420444-8x12.jpg 8w, https:\/\/ajima.ma\/wp-content\/uploads\/2026\/02\/36a54e0622f55fe74c283ea0fec349967e420444-600x900.jpg 600w\" sizes=\"auto, (max-width: 1280px) 100vw, 1280px\" \/><\/figure><div class=\"wp-block-media-text__content\">\n<div class=\"wp-block-group alignwide is-vertical is-layout-flex wp-container-core-group-is-layout-53474e87 wp-block-group-is-layout-flex\" style=\"padding-top:var(--wp--preset--spacing--60);padding-bottom:var(--wp--preset--spacing--60)\">\n<div class=\"wp-block-group has-global-padding is-layout-constrained wp-container-core-group-is-layout-812d5580 wp-block-group-is-layout-constrained\" style=\"padding-top:0;padding-right:0;padding-bottom:0;padding-left:0\">\n<h3 class=\"wp-block-heading\">Construire un succ\u00e8s durable avec des strat\u00e9gies innovantes et fiables.<\/h3>\n\n\n\n<p>Analyse approfondie d\u2019une entreprise qui a surmont\u00e9 des obstacles et atteint des r\u00e9sultats exceptionnels avec notre accompagnement.<\/p>\n<\/div>\n<\/div>\n<\/div><\/div>\n\n\n\n<div class=\"wp-block-media-text alignwide has-media-on-the-right is-stacked-on-mobile is-image-fill-element is-style-ext-preset--media-text--natural-1--card-1 is-style-ext-preset--media-text--natural-1--card-1--15\" style=\"margin-top:var(--wp--preset--spacing--40)\"><div class=\"wp-block-media-text__content\">\n<div class=\"wp-block-group alignwide is-vertical is-layout-flex wp-container-core-group-is-layout-53474e87 wp-block-group-is-layout-flex\" style=\"padding-top:var(--wp--preset--spacing--60);padding-bottom:var(--wp--preset--spacing--60)\">\n<div class=\"wp-block-group has-global-padding is-layout-constrained wp-container-core-group-is-layout-812d5580 wp-block-group-is-layout-constrained\" style=\"padding-top:0;padding-right:0;padding-bottom:0;padding-left:0\">\n<h3 class=\"wp-block-heading\">R\u00e9volutionner les processus gr\u00e2ce \u00e0 une solution adapt\u00e9e et performante.<\/h3>\n\n\n\n<p>Illustration de l\u2019utilisation de notre service pour optimiser les op\u00e9rations, r\u00e9duire les co\u00fbts et favoriser une croissance durable.<\/p>\n<\/div>\n<\/div>\n<\/div><figure class=\"wp-block-media-text__media\"><img loading=\"lazy\" decoding=\"async\" width=\"1280\" height=\"1828\" class=\"wp-image-83 size-full\" src=\"https:\/\/ajima.ma\/wp-content\/uploads\/2026\/02\/2b783ce0fcce64ff67550eff598174e761599f21.jpg\" alt=\"\" style=\"object-position:50% 50%\" srcset=\"https:\/\/ajima.ma\/wp-content\/uploads\/2026\/02\/2b783ce0fcce64ff67550eff598174e761599f21.jpg 1280w, https:\/\/ajima.ma\/wp-content\/uploads\/2026\/02\/2b783ce0fcce64ff67550eff598174e761599f21-210x300.jpg 210w, https:\/\/ajima.ma\/wp-content\/uploads\/2026\/02\/2b783ce0fcce64ff67550eff598174e761599f21-717x1024.jpg 717w, https:\/\/ajima.ma\/wp-content\/uploads\/2026\/02\/2b783ce0fcce64ff67550eff598174e761599f21-768x1097.jpg 768w, https:\/\/ajima.ma\/wp-content\/uploads\/2026\/02\/2b783ce0fcce64ff67550eff598174e761599f21-1076x1536.jpg 1076w, https:\/\/ajima.ma\/wp-content\/uploads\/2026\/02\/2b783ce0fcce64ff67550eff598174e761599f21-8x12.jpg 8w, https:\/\/ajima.ma\/wp-content\/uploads\/2026\/02\/2b783ce0fcce64ff67550eff598174e761599f21-600x857.jpg 600w\" sizes=\"auto, (max-width: 1280px) 100vw, 1280px\" \/><\/figure><\/div>\n\n\n\n<div class=\"wp-block-buttons is-content-justification-center is-layout-flex wp-container-core-buttons-is-layout-a89b3969 wp-block-buttons-is-layout-flex\">\n<div class=\"wp-block-button is-style-ext-preset--button--natural-1--button-1 is-style-ext-preset--button--natural-1--button-1--16\"><a class=\"wp-block-button__link wp-element-button\" href=\"https:\/\/ajima.ma\/en\/temoignages\/\">En savoir plus<\/a><\/div>\n<\/div>\n<\/div>","protected":false},"excerpt":{"rendered":"<p>Solutions sur mesure pour entreprises et particuliers D\u00e9couvrez ici l&rsquo;essence de notre engagement : fournir qualit\u00e9, fiabilit\u00e9 et excellence dans chaque transaction, en respectant les valeurs qui fa\u00e7onnent notre activit\u00e9 internationale. Ajima. Trust, International Business, votre partenaire d&rsquo;excellence D\u00e9couvrez une galerie exclusive illustrant la qualit\u00e9 exceptionnelle et l\u2019authenticit\u00e9 de nos services et produits. Histoires authentiques [&hellip;]<\/p>\n","protected":false},"author":1,"featured_media":0,"parent":0,"menu_order":0,"comment_status":"closed","ping_status":"closed","template":"page-with-title","meta":{"_monsterinsights_skip_tracking":false,"_monsterinsights_sitenote_active":false,"_monsterinsights_sitenote_note":"","_monsterinsights_sitenote_category":0,"_uf_show_specific_survey":0,"_uf_disable_surveys":false,"footnotes":""},"class_list":["post-30","page","type-page","status-publish","hentry"],"aioseo_notices":[],"_links":{"self":[{"href":"https:\/\/ajima.ma\/en\/wp-json\/wp\/v2\/pages\/30","targetHints":{"allow":["GET"]}}],"collection":[{"href":"https:\/\/ajima.ma\/en\/wp-json\/wp\/v2\/pages"}],"about":[{"href":"https:\/\/ajima.ma\/en\/wp-json\/wp\/v2\/types\/page"}],"author":[{"embeddable":true,"href":"https:\/\/ajima.ma\/en\/wp-json\/wp\/v2\/users\/1"}],"replies":[{"embeddable":true,"href":"https:\/\/ajima.ma\/en\/wp-json\/wp\/v2\/comments?post=30"}],"version-history":[{"count":2,"href":"https:\/\/ajima.ma\/en\/wp-json\/wp\/v2\/pages\/30\/revisions"}],"predecessor-version":[{"id":84,"href":"https:\/\/ajima.ma\/en\/wp-json\/wp\/v2\/pages\/30\/revisions\/84"}],"wp:attachment":[{"href":"https:\/\/ajima.ma\/en\/wp-json\/wp\/v2\/media?parent=30"}],"curies":[{"name":"wp","href":"https:\/\/api.w.org\/{rel}","templated":true}]}}