{"id":41,"date":"2026-02-17T14:49:35","date_gmt":"2026-02-17T14:49:35","guid":{"rendered":"https:\/\/ajima.ma\/produit\/casque-audio-haute-fidelite\/"},"modified":"2026-02-17T14:49:35","modified_gmt":"2026-02-17T14:49:35","slug":"casque-audio-haute-fidelite","status":"publish","type":"product","link":"https:\/\/ajima.ma\/en\/product\/casque-audio-haute-fidelite\/","title":{"rendered":"High-fidelity headphones"},"content":{"rendered":"<p>Casque audio offrant une qualit\u00e9 sonore exceptionnelle, id\u00e9al pour les audiophiles et les professionnels du son. Confortable \u00e0 porter pendant de longues heures, il est parfait pour les voyages ou le bureau.<\/p>","protected":false},"excerpt":{"rendered":"<p>Casque audio offrant une qualit\u00e9 sonore exceptionnelle, id\u00e9al pour les audiophiles et les professionnels du son. Confortable \u00e0 porter pendant de longues heures, il est parfait pour les voyages ou le bureau.<\/p>","protected":false},"featured_media":0,"comment_status":"open","ping_status":"closed","template":"","meta":{"_monsterinsights_skip_tracking":false,"_monsterinsights_sitenote_active":false,"_monsterinsights_sitenote_note":"","_monsterinsights_sitenote_category":0,"_uf_show_specific_survey":0,"_uf_disable_surveys":false},"product_brand":[],"product_cat":[23],"product_tag":[],"class_list":{"0":"post-41","1":"product","2":"type-product","3":"status-publish","5":"product_cat-electronique","7":"first","8":"instock","9":"shipping-taxable","10":"purchasable","11":"product-type-simple"},"aioseo_notices":[],"_links":{"self":[{"href":"https:\/\/ajima.ma\/en\/wp-json\/wp\/v2\/product\/41","targetHints":{"allow":["GET"]}}],"collection":[{"href":"https:\/\/ajima.ma\/en\/wp-json\/wp\/v2\/product"}],"about":[{"href":"https:\/\/ajima.ma\/en\/wp-json\/wp\/v2\/types\/product"}],"replies":[{"embeddable":true,"href":"https:\/\/ajima.ma\/en\/wp-json\/wp\/v2\/comments?post=41"}],"wp:attachment":[{"href":"https:\/\/ajima.ma\/en\/wp-json\/wp\/v2\/media?parent=41"}],"wp:term":[{"taxonomy":"product_brand","embeddable":true,"href":"https:\/\/ajima.ma\/en\/wp-json\/wp\/v2\/product_brand?post=41"},{"taxonomy":"product_cat","embeddable":true,"href":"https:\/\/ajima.ma\/en\/wp-json\/wp\/v2\/product_cat?post=41"},{"taxonomy":"product_tag","embeddable":true,"href":"https:\/\/ajima.ma\/en\/wp-json\/wp\/v2\/product_tag?post=41"}],"curies":[{"name":"wp","href":"https:\/\/api.w.org\/{rel}","templated":true}]}}