{"id":43,"date":"2026-02-17T14:49:35","date_gmt":"2026-02-17T14:49:35","guid":{"rendered":"https:\/\/ajima.ma\/produit\/chaussures-de-ville-en-cuir\/"},"modified":"2026-02-17T14:49:35","modified_gmt":"2026-02-17T14:49:35","slug":"chaussures-de-ville-en-cuir","status":"publish","type":"product","link":"https:\/\/ajima.ma\/en\/product\/chaussures-de-ville-en-cuir\/","title":{"rendered":"Leather Town Shoes"},"content":{"rendered":"<p>Chaussures de ville en cuir v\u00e9ritable, con\u00e7ues pour le confort et le style. Id\u00e9ales pour les r\u00e9unions d&rsquo;affaires et les \u00e9v\u00e9nements formels. Disponibles en plusieurs tailles.<\/p>","protected":false},"excerpt":{"rendered":"<p>Chaussures de ville en cuir v\u00e9ritable, con\u00e7ues pour le confort et le style. Id\u00e9ales pour les r\u00e9unions d&rsquo;affaires et les \u00e9v\u00e9nements formels. Disponibles en plusieurs tailles.<\/p>","protected":false},"featured_media":0,"comment_status":"open","ping_status":"closed","template":"","meta":{"_monsterinsights_skip_tracking":false,"_monsterinsights_sitenote_active":false,"_monsterinsights_sitenote_note":"","_monsterinsights_sitenote_category":0,"_uf_show_specific_survey":0,"_uf_disable_surveys":false},"product_brand":[],"product_cat":[26],"product_tag":[],"class_list":{"0":"post-43","1":"product","2":"type-product","3":"status-publish","5":"product_cat-mode","7":"first","8":"instock","9":"shipping-taxable","10":"purchasable","11":"product-type-simple"},"aioseo_notices":[],"_links":{"self":[{"href":"https:\/\/ajima.ma\/en\/wp-json\/wp\/v2\/product\/43","targetHints":{"allow":["GET"]}}],"collection":[{"href":"https:\/\/ajima.ma\/en\/wp-json\/wp\/v2\/product"}],"about":[{"href":"https:\/\/ajima.ma\/en\/wp-json\/wp\/v2\/types\/product"}],"replies":[{"embeddable":true,"href":"https:\/\/ajima.ma\/en\/wp-json\/wp\/v2\/comments?post=43"}],"wp:attachment":[{"href":"https:\/\/ajima.ma\/en\/wp-json\/wp\/v2\/media?parent=43"}],"wp:term":[{"taxonomy":"product_brand","embeddable":true,"href":"https:\/\/ajima.ma\/en\/wp-json\/wp\/v2\/product_brand?post=43"},{"taxonomy":"product_cat","embeddable":true,"href":"https:\/\/ajima.ma\/en\/wp-json\/wp\/v2\/product_cat?post=43"},{"taxonomy":"product_tag","embeddable":true,"href":"https:\/\/ajima.ma\/en\/wp-json\/wp\/v2\/product_tag?post=43"}],"curies":[{"name":"wp","href":"https:\/\/api.w.org\/{rel}","templated":true}]}}