{"id":48,"date":"2026-02-17T14:49:35","date_gmt":"2026-02-17T14:49:35","guid":{"rendered":"https:\/\/ajima.ma\/produit\/appareil-photo-numerique\/"},"modified":"2026-02-17T14:49:35","modified_gmt":"2026-02-17T14:49:35","slug":"appareil-photo-numerique","status":"publish","type":"product","link":"https:\/\/ajima.ma\/en\/product\/appareil-photo-numerique\/","title":{"rendered":"Digital Camera"},"content":{"rendered":"<p>Appareil photo num\u00e9rique avec des fonctionnalit\u00e9s avanc\u00e9es pour capturer des images de haute qualit\u00e9. Id\u00e9al pour les photographes professionnels et amateurs.<\/p>","protected":false},"excerpt":{"rendered":"<p>Appareil photo num\u00e9rique avec des fonctionnalit\u00e9s avanc\u00e9es pour capturer des images de haute qualit\u00e9. Id\u00e9al pour les photographes professionnels et amateurs.<\/p>","protected":false},"featured_media":0,"comment_status":"open","ping_status":"closed","template":"","meta":{"_monsterinsights_skip_tracking":false,"_monsterinsights_sitenote_active":false,"_monsterinsights_sitenote_note":"","_monsterinsights_sitenote_category":0,"_uf_show_specific_survey":0,"_uf_disable_surveys":false},"product_brand":[],"product_cat":[23],"product_tag":[],"class_list":{"0":"post-48","1":"product","2":"type-product","3":"status-publish","5":"product_cat-electronique","7":"first","8":"instock","9":"shipping-taxable","10":"purchasable","11":"product-type-simple"},"aioseo_notices":[],"_links":{"self":[{"href":"https:\/\/ajima.ma\/en\/wp-json\/wp\/v2\/product\/48","targetHints":{"allow":["GET"]}}],"collection":[{"href":"https:\/\/ajima.ma\/en\/wp-json\/wp\/v2\/product"}],"about":[{"href":"https:\/\/ajima.ma\/en\/wp-json\/wp\/v2\/types\/product"}],"replies":[{"embeddable":true,"href":"https:\/\/ajima.ma\/en\/wp-json\/wp\/v2\/comments?post=48"}],"wp:attachment":[{"href":"https:\/\/ajima.ma\/en\/wp-json\/wp\/v2\/media?parent=48"}],"wp:term":[{"taxonomy":"product_brand","embeddable":true,"href":"https:\/\/ajima.ma\/en\/wp-json\/wp\/v2\/product_brand?post=48"},{"taxonomy":"product_cat","embeddable":true,"href":"https:\/\/ajima.ma\/en\/wp-json\/wp\/v2\/product_cat?post=48"},{"taxonomy":"product_tag","embeddable":true,"href":"https:\/\/ajima.ma\/en\/wp-json\/wp\/v2\/product_tag?post=48"}],"curies":[{"name":"wp","href":"https:\/\/api.w.org\/{rel}","templated":true}]}}